{"id":281,"date":"2016-11-09T14:56:18","date_gmt":"2016-11-09T12:56:18","guid":{"rendered":"https:\/\/www.bodossaki.gr\/?page_id=281&#038;lang=en"},"modified":"2025-05-14T17:00:56","modified_gmt":"2025-05-14T14:00:56","slug":"bodossaki-lectures-demand","status":"publish","type":"page","link":"https:\/\/www.bodossaki.gr\/en\/our-initiatives\/bodossaki-lectures-demand\/","title":{"rendered":"BODOSSAKI LECTURES ON DEMAND"},"content":{"rendered":"<p>The website\u00a0<a href=\"http:\/\/www.blod.gr\/default.aspx\">www.blod.gr<\/a>\u00a0(acronym for Bodossaki Lectures on Demand) is the only site in Greece \u2013 and one of the few internationally \u2013 to focus exclusively on the promotion of lectures and other intellectual content. Launched in October 2011 at the initiative and expense of the Bodossaki Foundation, it is part of the Foundation\u2019s primary objective of promoting education in Greece. It is a social non-profit service, which aims to disseminate knowledge and intelligent dialogue in our country through the use of modern technological tools.<\/p>\n<p class=\"\" data-start=\"613\" data-end=\"780\">On the website\u00a0you\u2019ll find video recordings of selected speeches, lectures, and public events from across the spectrum of intellectual life in Greece.<\/p>\n<p class=\"\" data-start=\"782\" data-end=\"956\">Choose among 37 thematic categories, 6,000 topics, and over 8,000 speakers, and treat yourself to quality time with new ideas and knowledge from notable speakers.<\/p>\n<p class=\"\" data-start=\"958\" data-end=\"1508\">Among the 8,000 speakers featured on BLOD, you can listen distinguished Greeks from the fields of science, the arts, and ideas \u2013 to mention just a few: MIT award-winning professor Constantinos Daskalakis, renowned history professor Maria Efthymiou, internationally acclaimed violinist and conductor Leonidas Kavakos, architect and academic Manolis Korres, famous astrophysicist Stamatis Krimizis, leading theoretical physicist Dimitris Nanopoulos, as well as beloved figures Kiki Dimoula and Alki Zei. On BLOD, you can also discover major international figures such as Nobel laureates James Cronin, David Gross, and Orhan Pamuk; acclaimed authors Antonio Tabucchi, Pascal Bruckner, Paul Auster, Andr\u00e9s Neuman, and Victoria Hislop; philosophers \u00c9tienne Balibar and Alain Badiou; director Peter Stein; visual artist Marina Abramovi\u0107; among many others.<\/p>\n<p class=\"\" data-start=\"1914\" data-end=\"2112\">Browse from the comfort of your home and choose according to your interests on this unique hub of intellectual dialogue, open to every internet user who seeks to expand their knowledge horizons.<\/p>\n<p class=\"\" data-start=\"2114\" data-end=\"2353\">Over the 14 years of <a href=\"https:\/\/www.blod.gr\/\">blod.gr<\/a> presence, thousands of hours of lectures have been recorded\u2014many of which would not have been preserved under other circumstances. Once uploaded, these lectures remain permanently available to the public.<\/p>\n","protected":false},"excerpt":{"rendered":"<p>The website\u00a0www.blod.gr\u00a0(acronym for Bodossaki Lectures on Demand) is the only site in Greece \u2013 and one of the few internationally \u2013 to focus exclusively on the promotion of lectures and other intellectual content. Launched in October 2011 at the initiative and expense of the Bodossaki Foundation, it is part of the Foundation\u2019s primary objective of &hellip; <a href=\"https:\/\/www.bodossaki.gr\/en\/our-initiatives\/bodossaki-lectures-demand\/\" class=\"more-link\">Continue reading<span class=\"screen-reader-text\"> &#8220;BODOSSAKI LECTURES ON DEMAND&#8221;<\/span><\/a><\/p>\n","protected":false},"author":1,"featured_media":0,"parent":5082,"menu_order":287,"comment_status":"closed","ping_status":"closed","template":"","meta":{"_acf_changed":false,"footnotes":""},"class_list":["post-281","page","type-page","status-publish","hentry"],"acf":[],"yoast_head":"<!-- This site is optimized with the Yoast SEO plugin v27.1.1 - https:\/\/yoast.com\/product\/yoast-seo-wordpress\/ -->\n<title>BODOSSAKI LECTURES ON DEMAND - BODOSSAKI FOUNDATION<\/title>\n<meta name=\"description\" content=\"The website\u00a0www.blod.gr\u00a0(acronym for Bodossaki Lectures on Demand) is the only site in Greece \u2013 and one of the few internationally \u2013 to focus exclusively\" \/>\n<meta name=\"robots\" content=\"index, follow, max-snippet:-1, max-image-preview:large, max-video-preview:-1\" \/>\n<link rel=\"canonical\" href=\"https:\/\/www.bodossaki.gr\/en\/our-initiatives\/bodossaki-lectures-demand\/\" \/>\n<meta name=\"twitter:label1\" content=\"Est. reading time\" \/>\n\t<meta name=\"twitter:data1\" content=\"2 minutes\" \/>\n<script type=\"application\/ld+json\" class=\"yoast-schema-graph\">{\"@context\":\"https:\/\/schema.org\",\"@graph\":[{\"@type\":\"WebPage\",\"@id\":\"https:\/\/www.bodossaki.gr\/en\/our-initiatives\/bodossaki-lectures-demand\/\",\"url\":\"https:\/\/www.bodossaki.gr\/en\/our-initiatives\/bodossaki-lectures-demand\/\",\"name\":\"BODOSSAKI LECTURES ON DEMAND - BODOSSAKI FOUNDATION\",\"isPartOf\":{\"@id\":\"https:\/\/www.bodossaki.gr\/#website\"},\"datePublished\":\"2016-11-09T12:56:18+00:00\",\"dateModified\":\"2025-05-14T14:00:56+00:00\",\"description\":\"The website\u00a0www.blod.gr\u00a0(acronym for Bodossaki Lectures on Demand) is the only site in Greece \u2013 and one of the few internationally \u2013 to focus exclusively\",\"breadcrumb\":{\"@id\":\"https:\/\/www.bodossaki.gr\/en\/our-initiatives\/bodossaki-lectures-demand\/#breadcrumb\"},\"inLanguage\":\"en-US\",\"potentialAction\":[{\"@type\":\"ReadAction\",\"target\":[\"https:\/\/www.bodossaki.gr\/en\/our-initiatives\/bodossaki-lectures-demand\/\"]}]},{\"@type\":\"BreadcrumbList\",\"@id\":\"https:\/\/www.bodossaki.gr\/en\/our-initiatives\/bodossaki-lectures-demand\/#breadcrumb\",\"itemListElement\":[{\"@type\":\"ListItem\",\"position\":1,\"name\":\"Home\",\"item\":\"https:\/\/www.bodossaki.gr\/en\/\"},{\"@type\":\"ListItem\",\"position\":2,\"name\":\"OUR INITIATIVES\",\"item\":\"https:\/\/www.bodossaki.gr\/en\/our-initiatives\/\"},{\"@type\":\"ListItem\",\"position\":3,\"name\":\"BODOSSAKI LECTURES ON DEMAND\"}]},{\"@type\":\"WebSite\",\"@id\":\"https:\/\/www.bodossaki.gr\/#website\",\"url\":\"https:\/\/www.bodossaki.gr\/\",\"name\":\"BODOSSAKI FOUNDATION\",\"description\":\"\",\"potentialAction\":[{\"@type\":\"SearchAction\",\"target\":{\"@type\":\"EntryPoint\",\"urlTemplate\":\"https:\/\/www.bodossaki.gr\/?s={search_term_string}\"},\"query-input\":{\"@type\":\"PropertyValueSpecification\",\"valueRequired\":true,\"valueName\":\"search_term_string\"}}],\"inLanguage\":\"en-US\"}]}<\/script>\n<!-- \/ Yoast SEO plugin. -->","yoast_head_json":{"title":"BODOSSAKI LECTURES ON DEMAND - BODOSSAKI FOUNDATION","description":"The website\u00a0www.blod.gr\u00a0(acronym for Bodossaki Lectures on Demand) is the only site in Greece \u2013 and one of the few internationally \u2013 to focus exclusively","robots":{"index":"index","follow":"follow","max-snippet":"max-snippet:-1","max-image-preview":"max-image-preview:large","max-video-preview":"max-video-preview:-1"},"canonical":"https:\/\/www.bodossaki.gr\/en\/our-initiatives\/bodossaki-lectures-demand\/","twitter_misc":{"Est. reading time":"2 minutes"},"schema":{"@context":"https:\/\/schema.org","@graph":[{"@type":"WebPage","@id":"https:\/\/www.bodossaki.gr\/en\/our-initiatives\/bodossaki-lectures-demand\/","url":"https:\/\/www.bodossaki.gr\/en\/our-initiatives\/bodossaki-lectures-demand\/","name":"BODOSSAKI LECTURES ON DEMAND - BODOSSAKI FOUNDATION","isPartOf":{"@id":"https:\/\/www.bodossaki.gr\/#website"},"datePublished":"2016-11-09T12:56:18+00:00","dateModified":"2025-05-14T14:00:56+00:00","description":"The website\u00a0www.blod.gr\u00a0(acronym for Bodossaki Lectures on Demand) is the only site in Greece \u2013 and one of the few internationally \u2013 to focus exclusively","breadcrumb":{"@id":"https:\/\/www.bodossaki.gr\/en\/our-initiatives\/bodossaki-lectures-demand\/#breadcrumb"},"inLanguage":"en-US","potentialAction":[{"@type":"ReadAction","target":["https:\/\/www.bodossaki.gr\/en\/our-initiatives\/bodossaki-lectures-demand\/"]}]},{"@type":"BreadcrumbList","@id":"https:\/\/www.bodossaki.gr\/en\/our-initiatives\/bodossaki-lectures-demand\/#breadcrumb","itemListElement":[{"@type":"ListItem","position":1,"name":"Home","item":"https:\/\/www.bodossaki.gr\/en\/"},{"@type":"ListItem","position":2,"name":"OUR INITIATIVES","item":"https:\/\/www.bodossaki.gr\/en\/our-initiatives\/"},{"@type":"ListItem","position":3,"name":"BODOSSAKI LECTURES ON DEMAND"}]},{"@type":"WebSite","@id":"https:\/\/www.bodossaki.gr\/#website","url":"https:\/\/www.bodossaki.gr\/","name":"BODOSSAKI FOUNDATION","description":"","potentialAction":[{"@type":"SearchAction","target":{"@type":"EntryPoint","urlTemplate":"https:\/\/www.bodossaki.gr\/?s={search_term_string}"},"query-input":{"@type":"PropertyValueSpecification","valueRequired":true,"valueName":"search_term_string"}}],"inLanguage":"en-US"}]}},"_links":{"self":[{"href":"https:\/\/www.bodossaki.gr\/en\/wp-json\/wp\/v2\/pages\/281","targetHints":{"allow":["GET"]}}],"collection":[{"href":"https:\/\/www.bodossaki.gr\/en\/wp-json\/wp\/v2\/pages"}],"about":[{"href":"https:\/\/www.bodossaki.gr\/en\/wp-json\/wp\/v2\/types\/page"}],"author":[{"embeddable":true,"href":"https:\/\/www.bodossaki.gr\/en\/wp-json\/wp\/v2\/users\/1"}],"replies":[{"embeddable":true,"href":"https:\/\/www.bodossaki.gr\/en\/wp-json\/wp\/v2\/comments?post=281"}],"version-history":[{"count":21,"href":"https:\/\/www.bodossaki.gr\/en\/wp-json\/wp\/v2\/pages\/281\/revisions"}],"predecessor-version":[{"id":16679,"href":"https:\/\/www.bodossaki.gr\/en\/wp-json\/wp\/v2\/pages\/281\/revisions\/16679"}],"up":[{"embeddable":true,"href":"https:\/\/www.bodossaki.gr\/en\/wp-json\/wp\/v2\/pages\/5082"}],"wp:attachment":[{"href":"https:\/\/www.bodossaki.gr\/en\/wp-json\/wp\/v2\/media?parent=281"}],"curies":[{"name":"wp","href":"https:\/\/api.w.org\/{rel}","templated":true}]}}